{"id":32,"date":"2016-02-23T15:27:51","date_gmt":"2016-02-23T15:27:51","guid":{"rendered":"http:\/\/tanzabenteuer.de\/wp\/?page_id=32"},"modified":"2024-10-17T17:40:37","modified_gmt":"2024-10-17T15:40:37","slug":"kinderunterricht","status":"publish","type":"page","link":"https:\/\/tanzabenteuer.de\/index.php\/kinderunterricht\/","title":{"rendered":"Tanzabenteuer"},"content":{"rendered":"<h3>Tanzabenteuer f\u00fcr Kinder im Alter 3 bis 11<\/h3>\n<p><img loading=\"lazy\" decoding=\"async\" class=\" wp-image-66 alignleft\" src=\"http:\/\/tanzabenteuer.de\/wp\/wp-content\/uploads\/2016\/02\/Tanzabenteuer_1-300x199.jpg\" alt=\"tanzabenteuer_1\" width=\"423\" height=\"281\" srcset=\"https:\/\/tanzabenteuer.de\/wp\/wp-content\/uploads\/2016\/02\/Tanzabenteuer_1-300x199.jpg 300w, https:\/\/tanzabenteuer.de\/wp\/wp-content\/uploads\/2016\/02\/Tanzabenteuer_1-768x511.jpg 768w, https:\/\/tanzabenteuer.de\/wp\/wp-content\/uploads\/2016\/02\/Tanzabenteuer_1-1024x681.jpg 1024w\" sizes=\"auto, (max-width: 423px) 100vw, 423px\" \/><\/p>\n<p><strong>Mittwochs, 16:00 bis 16:50 Uhr (3 bis 6 Jahre)<\/strong><br \/>\nTrinitatis Gemeinde<br \/>\nBrahmstr. 14, 53121 Bonn-Endenich<\/p>\n<p><strong>Donnerstags, 16:00 bis 16:55 Uhr (6 bis 8 Jahre)<br \/>\nDonnerstags, 16:55 bis 17:55 Uhr (8 bis 11 Jahre)<br \/>\n<\/strong><\/p>\n<p>Trinitatis Gemeinde<br \/>\nBrahmstr. 14, 53121 Bonn-Endenich<\/p>\n<p>Anmeldung \/ Information<br \/>\nTelefon: 0228 &#8211; 360 273 70<br \/>\nMobil: 0157 351 383 40<br \/>\nE-Mail: <a href=\"mailto:mariajoaoneno@googlemail.com\" target=\"\" rel=\"noopener\" name=\"\">mariajoaoneno@googlemail.com<\/a><\/p>\n<p><strong>Den eigenen Tanz entdecken,<\/strong> beginnt mit spielerischer Bewegung. Die Kinder werden neue Ausdrucksm\u00f6glichkeiten erleben,<br \/>\nsie vertiefen ihre K\u00f6rperwahrnehmung durch verschiedene Improvisationstechniken.<\/p>\n<p>Tanz ist Freude und Freiheit in Bewegung und Entfaltung der eigenen Kreativit\u00e4t.<\/p>\n<p>Tanz ist fantastisch f\u00fcr die emotionale Entwicklung, unterst\u00fctzt das Selbstvertrauen positiv und damit die Art, sich zu bewegen und zu kommunizieren.<br \/>\n<strong>Miteinander tanzen<\/strong> ist ideal, um die Kreativit\u00e4t und Neugierde zu f\u00f6rdern und steigert die Akzeptanz und Fairness gegen\u00fcber anderen.<\/p>\n<p><i>&#8222;Ich f\u00fchle mich in meinem K\u00f6rper Zuhause!&#8220;<\/i><\/p>\n","protected":false},"excerpt":{"rendered":"<p>Tanzabenteuer f\u00fcr Kinder im Alter 3 bis 11 Mittwochs, 16:00 bis 16:50 Uhr (3 bis 6 Jahre) Trinitatis Gemeinde Brahmstr. 14, 53121 Bonn-Endenich Donnerstags, 16:00 bis 16:55 Uhr (6 bis 8 Jahre) Donnerstags, 16:55 bis 17:55 Uhr (8 bis 11 Jahre) Trinitatis Gemeinde Brahmstr. 14, 53121 Bonn-Endenich Anmeldung \/ Information Telefon: 0228 &#8211; 360 273 [&hellip;]<\/p>\n","protected":false},"author":1,"featured_media":0,"parent":0,"menu_order":0,"comment_status":"closed","ping_status":"closed","template":"","meta":{"footnotes":""},"class_list":["post-32","page","type-page","status-publish","czr-hentry"],"_links":{"self":[{"href":"https:\/\/tanzabenteuer.de\/index.php\/wp-json\/wp\/v2\/pages\/32","targetHints":{"allow":["GET"]}}],"collection":[{"href":"https:\/\/tanzabenteuer.de\/index.php\/wp-json\/wp\/v2\/pages"}],"about":[{"href":"https:\/\/tanzabenteuer.de\/index.php\/wp-json\/wp\/v2\/types\/page"}],"author":[{"embeddable":true,"href":"https:\/\/tanzabenteuer.de\/index.php\/wp-json\/wp\/v2\/users\/1"}],"replies":[{"embeddable":true,"href":"https:\/\/tanzabenteuer.de\/index.php\/wp-json\/wp\/v2\/comments?post=32"}],"version-history":[{"count":20,"href":"https:\/\/tanzabenteuer.de\/index.php\/wp-json\/wp\/v2\/pages\/32\/revisions"}],"predecessor-version":[{"id":202,"href":"https:\/\/tanzabenteuer.de\/index.php\/wp-json\/wp\/v2\/pages\/32\/revisions\/202"}],"wp:attachment":[{"href":"https:\/\/tanzabenteuer.de\/index.php\/wp-json\/wp\/v2\/media?parent=32"}],"curies":[{"name":"wp","href":"https:\/\/api.w.org\/{rel}","templated":true}]}}