{"id":2,"date":"2016-02-23T08:50:02","date_gmt":"2016-02-23T08:50:02","guid":{"rendered":"http:\/\/tanzabenteuer.de\/wp\/?page_id=2"},"modified":"2024-10-17T17:48:06","modified_gmt":"2024-10-17T15:48:06","slug":"tanz_fuer_erwachsene","status":"publish","type":"page","link":"https:\/\/tanzabenteuer.de\/index.php\/tanz_fuer_erwachsene\/","title":{"rendered":"New Dance Unterricht"},"content":{"rendered":"<h3>Tanz und Entspannung f\u00fcr Erwachsene<\/h3>\n<p><strong><img loading=\"lazy\" decoding=\"async\" class=\"size-medium wp-image-53 alignleft\" src=\"http:\/\/tanzabenteuer.de\/wp\/wp-content\/uploads\/2016\/03\/pose01-300x255.jpg\" alt=\"pose01\" width=\"410\" height=\"349\" srcset=\"https:\/\/tanzabenteuer.de\/wp\/wp-content\/uploads\/2016\/03\/pose01-300x255.jpg 300w, https:\/\/tanzabenteuer.de\/wp\/wp-content\/uploads\/2016\/03\/pose01.jpg 410w\" sizes=\"auto, (max-width: 410px) 100vw, 410px\" \/><\/strong><\/p>\n<p><strong><br \/>\nMontags, 19:00 bis 20:30 Uhr<\/strong><br \/>\nRaum f\u00fcr Bewegung<br \/>\nSebastianstra\u00dfe 185, 53115 Bonn<\/p>\n<p><strong>Freitags, 11:30 bis 13:00 Uhr<\/strong><br \/>\nTrinitatis Gemeinde<br \/>\nBrahmstr. 14, 53121 Bonn-Endenich<\/p>\n<p>Anmeldung \/ Information<br \/>\nTelefon: 0228 &#8211; 360 273 70<br \/>\nMobil: 0157 351 383 40<br \/>\nEmail: <a href=\"mailto:mariajoaoneno@googlemail.com\" target=\"\" rel=\"noopener\" name=\"\">mariajoaoneno@googlemail.com<\/a><\/p>\n<p>Jeder von uns kann seine Leidenschaft zum Tanz entdecken. Es liegt in der Natur durch K\u00f6rper und Bewegung zu kommunizieren.<br \/>\nTanzen macht einfach gl\u00fccklich!<br \/>\nTanzen schenkt Dir Energie, Klarheit, Bewusstsein, Freude, Kraft, Mut und Motivation zu sein, wer Du bist, mit Deinen ganzen M\u00f6glichkeiten und in Kontakt mit den anderen.<br \/>\nGleichzeitig zeigt Dir Tanzen neue Wege. Du ber\u00fchrst mehrere Ebenen von Realit\u00e4t und erlaubst Deiner Fantasie und Kreativit\u00e4t miteinander zu flie\u00dfen.<br \/>\nTanzen ist authentisch und unendlich, weil Du Dich immer weiter entwickelst. Tanz ist Verwandlung, und es verbindet Deine innere Welt mit der au\u00dfen Welt, verbindet Vergangenheit, Augenblick und Zukunft. <strong>Du bist der Tanz.<\/strong><\/p>\n<p>Den eigenen Tanz entdecken beginnt, wenn wir\u00a0mit dem<br \/>\nK\u00f6rper bewusst arbeiten und lernen, wie Entspannung diesen Prozess unterst\u00fctzen kann.<\/p>\n<p><strong>Entspannungs\u00fcbungen sind die Grundlage<\/strong>, um das Zusammenspiel von Atem, Stimme, Energie und Kraft zu beherrschen.<\/p>\n<p><strong>Wir entdecken neue Bewegungs- und Ausdrucksm\u00f6glichkeiten<\/strong> und vertiefen die Wahrnehmung\u00a0durch Ein\u00fcben verschiedener Improvisationstechniken:<br \/>\nKontakt Improvisation, Release Technique,<br \/>\nBody Mind Centering, Awereness work,<br \/>\n5 Rhythmen, und Authentic Movement.<\/p>\n<p><strong>COACHING<\/strong>\u00a0 Es gibt die M\u00f6glichkeit, Privatunterricht zu nehmen.<\/p>\n<p><b>ENTSPANNUNGSMASSAGE<\/b>: Sie k\u00f6nnen private Entspannungsmassagen buchen.<\/p>\n<p><i>&#8222;Ich sch\u00e4tze die <strong>Contact Improvisation<\/strong> nicht nur wegen ihrer kurzen Augenblicke des \u201eIn-Ber\u00fchrung-, In-einer-Zeit-,<br \/>\nIn-einer-Stimmung-, Eins-Seins&#8220; mit der Partnerin sondern<br \/>\nauch f\u00fcr den Umgang mit dem immer pr\u00e4senten Bewusstsein<br \/>\nf\u00fcr das, was m\u00f6glich ist. Die Form selbst&#8230;ist nichts anderes<br \/>\nals die Existenz der unendlichen M\u00f6glichkeiten eines Tanzes,<br \/>\nin dem Wille, Instinkt und Grenzen ineinander verschmelzen&#8230;<br \/>\nDies bedeutet, an die M\u00f6glichkeiten zu glauben, die wir<br \/>\nnie zuvor erfahren haben..&#8220;<\/i><br \/>\n<i>Daniel Lepkoff<\/i><\/p>\n<p><i>&#8222;Eine <strong>Release-Ausrichtung<\/strong> ist keine starre Ausrichtung; es ist immer im Fliessen. Alles ist relativ in Verh\u00e4ltnis zu allem anderen.Wenn es harmonisch ist, wird etwas entfesselt, Kraftund Energie werden befreit und dass wird zum Release-Tanz..&#8220;<\/i><br \/>\n<i>Joan Skinner<\/i><\/p>\n","protected":false},"excerpt":{"rendered":"<p>Tanz und Entspannung f\u00fcr Erwachsene Montags, 19:00 bis 20:30 Uhr Raum f\u00fcr Bewegung Sebastianstra\u00dfe 185, 53115 Bonn Freitags, 11:30 bis 13:00 Uhr Trinitatis Gemeinde Brahmstr. 14, 53121 Bonn-Endenich Anmeldung \/ Information Telefon: 0228 &#8211; 360 273 70 Mobil: 0157 351 383 40 Email: mariajoaoneno@googlemail.com Jeder von uns kann seine Leidenschaft zum Tanz entdecken. Es liegt [&hellip;]<\/p>\n","protected":false},"author":1,"featured_media":31,"parent":0,"menu_order":0,"comment_status":"closed","ping_status":"closed","template":"","meta":{"footnotes":""},"class_list":["post-2","page","type-page","status-publish","has-post-thumbnail","czr-hentry"],"_links":{"self":[{"href":"https:\/\/tanzabenteuer.de\/index.php\/wp-json\/wp\/v2\/pages\/2","targetHints":{"allow":["GET"]}}],"collection":[{"href":"https:\/\/tanzabenteuer.de\/index.php\/wp-json\/wp\/v2\/pages"}],"about":[{"href":"https:\/\/tanzabenteuer.de\/index.php\/wp-json\/wp\/v2\/types\/page"}],"author":[{"embeddable":true,"href":"https:\/\/tanzabenteuer.de\/index.php\/wp-json\/wp\/v2\/users\/1"}],"replies":[{"embeddable":true,"href":"https:\/\/tanzabenteuer.de\/index.php\/wp-json\/wp\/v2\/comments?post=2"}],"version-history":[{"count":22,"href":"https:\/\/tanzabenteuer.de\/index.php\/wp-json\/wp\/v2\/pages\/2\/revisions"}],"predecessor-version":[{"id":204,"href":"https:\/\/tanzabenteuer.de\/index.php\/wp-json\/wp\/v2\/pages\/2\/revisions\/204"}],"wp:featuredmedia":[{"embeddable":true,"href":"https:\/\/tanzabenteuer.de\/index.php\/wp-json\/wp\/v2\/media\/31"}],"wp:attachment":[{"href":"https:\/\/tanzabenteuer.de\/index.php\/wp-json\/wp\/v2\/media?parent=2"}],"curies":[{"name":"wp","href":"https:\/\/api.w.org\/{rel}","templated":true}]}}